{"id":12084,"date":"2025-03-12T03:38:55","date_gmt":"2025-03-12T03:38:55","guid":{"rendered":"https:\/\/www.cfaebooks.com\/?post_type=product&#038;p=12084"},"modified":"2026-04-03T08:02:21","modified_gmt":"2026-04-03T08:02:21","slug":"cfa-2025-schweser-video-full-set-all-3-pathways-with-workbooks","status":"publish","type":"product","link":"https:\/\/www.cfaebooks.com\/cs\/products\/cfa-2025-schweser-video-full-set-all-3-pathways-with-workbooks\/","title":{"rendered":"CFA 2025 Level 3 Schweser Video Kompletn\u00ed sada v\u0161ech 3 cest s pracovn\u00edmi se\u0161ity"},"content":{"rendered":"<p>For sale is the 2025 CFA Schweser Video Lectures Level 3 Full Set All Pathways.<\/p>\n\n\n\n<p>Zahrnuje n\u00e1sleduj\u00edc\u00ed t\u00e9mata: <\/p>\n\n\n\n<ul class=\"wp-block-list\">\n<li><em>Alokace aktiv<\/em><\/li>\n\n\n\n<li><em>V\u00fdstavba portfolia<\/em><\/li>\n\n\n\n<li><em>M\u011b\u0159en\u00ed v\u00fdkonu<\/em><\/li>\n\n\n\n<li><em>Deriv\u00e1ty a \u0159\u00edzen\u00ed rizik<\/em><\/li>\n\n\n\n<li><em>Etick\u00e9 a profesn\u00ed normy<\/em><\/li>\n\n\n\n<li><em>Cesta k soukrom\u00e9mu bohatstv\u00ed<\/em>.<\/li>\n\n\n\n<li><em>Cesta soukrom\u00fdch trh\u016f<\/em><\/li>\n\n\n\n<li><em>Cesta k \u0159\u00edzen\u00ed portfolia<\/em><\/li>\n<\/ul>\n\n\n\n<p>Po objedn\u00e1n\u00ed si m\u016f\u017eete okam\u017eit\u011b st\u00e1hnout video a pracovn\u00ed se\u0161it.<\/p>","protected":false},"excerpt":{"rendered":"<p>For sale is the 2025 CFA Schweser Video Lectures Level 3 Full Set All Pathways. Includes the following topics: After checkout you can download the video and workbook immediately.<\/p>","protected":false},"featured_media":14550,"comment_status":"closed","ping_status":"closed","template":"","meta":[],"product_brand":[],"product_cat":[265,269],"product_tag":[261,93,88,90,180,267,91,92,302,303,175,271,270],"class_list":{"0":"post-12084","1":"product","2":"type-product","3":"status-publish","4":"has-post-thumbnail","6":"product_cat-cfa-level-3","7":"product_cat-cfa-video-lectures","8":"product_tag-cfa-2025","9":"product_tag-cfa-books","10":"product_tag-cfa-ebooks","11":"product_tag-cfa-exam","12":"product_tag-cfa-level-3","13":"product_tag-cfa-level-3-2025","14":"product_tag-cfa-prep","15":"product_tag-cfa-test","16":"product_tag-cfa-video-lectures","17":"product_tag-cfa-video-lessons","18":"product_tag-video","19":"product_tag-video-lectures","20":"product_tag-video-lessons","22":"first","23":"instock","24":"downloadable","25":"virtual","26":"sold-individually","27":"purchasable","28":"product-type-simple"},"_links":{"self":[{"href":"https:\/\/www.cfaebooks.com\/cs\/wp-json\/wp\/v2\/product\/12084","targetHints":{"allow":["GET"]}}],"collection":[{"href":"https:\/\/www.cfaebooks.com\/cs\/wp-json\/wp\/v2\/product"}],"about":[{"href":"https:\/\/www.cfaebooks.com\/cs\/wp-json\/wp\/v2\/types\/product"}],"replies":[{"embeddable":true,"href":"https:\/\/www.cfaebooks.com\/cs\/wp-json\/wp\/v2\/comments?post=12084"}],"wp:featuredmedia":[{"embeddable":true,"href":"https:\/\/www.cfaebooks.com\/cs\/wp-json\/wp\/v2\/media\/14550"}],"wp:attachment":[{"href":"https:\/\/www.cfaebooks.com\/cs\/wp-json\/wp\/v2\/media?parent=12084"}],"wp:term":[{"taxonomy":"product_brand","embeddable":true,"href":"https:\/\/www.cfaebooks.com\/cs\/wp-json\/wp\/v2\/product_brand?post=12084"},{"taxonomy":"product_cat","embeddable":true,"href":"https:\/\/www.cfaebooks.com\/cs\/wp-json\/wp\/v2\/product_cat?post=12084"},{"taxonomy":"product_tag","embeddable":true,"href":"https:\/\/www.cfaebooks.com\/cs\/wp-json\/wp\/v2\/product_tag?post=12084"}],"curies":[{"name":"wp","href":"https:\/\/api.w.org\/{rel}","templated":true}]}}