{"id":12048,"date":"2025-03-12T01:09:58","date_gmt":"2025-03-12T01:09:58","guid":{"rendered":"https:\/\/www.cfaebooks.com\/?post_type=product&#038;p=12048"},"modified":"2026-04-03T08:02:10","modified_gmt":"2026-04-03T08:02:10","slug":"cfa-2025-programove-osnovy-uroven-iii-kompletni-sada-vsech-3-cest","status":"publish","type":"product","link":"https:\/\/www.cfaebooks.com\/cs\/products\/cfa-2025-programove-osnovy-uroven-iii-kompletni-sada-vsech-3-cest\/","title":{"rendered":"U\u010debn\u00ed pl\u00e1n programu CFA 2025 \u00darove\u0148 III Kompletn\u00ed sada v\u0161ech 3 cest"},"content":{"rendered":"<p>For sale is an e-book 2025 CFA Program Curriculum Level III Full Set All Pathways PDF.<\/p>\n\n\n\n<p>Svazky obsahuj\u00ed:<\/p>\n\n\n\n<ul class=\"wp-block-list\">\n<li>Z\u00e1kladn\u00ed u\u010debn\u00ed osnovy\n<ul class=\"wp-block-list\">\n<li>Volume 1: &nbsp;Asset Allocation<\/li>\n\n\n\n<li>Volume 2: &nbsp;Portfolio Construction<\/li>\n\n\n\n<li>Volume 3:&nbsp; Performance Measurement<\/li>\n\n\n\n<li>Volume 4: &nbsp;Derivatives And Risk Management<\/li>\n\n\n\n<li>Volume 5: &nbsp;Ethical and Professional Standards<\/li>\n<\/ul>\n<\/li>\n\n\n\n<li>Cesta k \u0159\u00edzen\u00ed portfolia\n<ul class=\"wp-block-list\">\n<li>Svazek 1: Cesta k \u0159\u00edzen\u00ed portfolia<\/li>\n\n\n\n<li>Svazek 2: Cesta k \u0159\u00edzen\u00ed portfolia<\/li>\n<\/ul>\n<\/li>\n\n\n\n<li>Cesta soukrom\u00fdch trh\u016f\n<ul class=\"wp-block-list\">\n<li>Svazek 1: Cesta na soukrom\u00e9 trhy<\/li>\n\n\n\n<li>Svazek 2 Soukrom\u00e9 trhy<\/li>\n<\/ul>\n<\/li>\n\n\n\n<li>Cesta k soukrom\u00e9mu bohatstv\u00ed\n<ul class=\"wp-block-list\">\n<li>Svazek 1: Cesta k soukrom\u00e9mu bohatstv\u00ed<\/li>\n\n\n\n<li>Svazek 2 Cesta k soukrom\u00e9mu bohatstv\u00ed<\/li>\n<\/ul>\n<\/li>\n<\/ul>\n\n\n\n<p>The text is searchable using the find feature on your computer keyboard &#8216;ctrl+f&#8217; and through search on your smartphone\/tablet. This is not a physical book it is a\u00a0PDF\u00a0digital copy. Please do not purchase if you want a physical hard copy. <\/p>\n\n\n\n<p>Po objedn\u00e1n\u00ed si m\u016f\u017eete e-knihu okam\u017eit\u011b st\u00e1hnout.<\/p>","protected":false},"excerpt":{"rendered":"<p>For sale is an e-book 2025 CFA Program Curriculum Level III Full Set All Pathways PDF. Volumes include: The text is searchable using the find feature on your computer keyboard &#8216;ctrl+f&#8217; and through search on your smartphone\/tablet. This is not a physical book it is a\u00a0PDF\u00a0digital copy. Please do not purchase if you want a [&hellip;]<\/p>\n","protected":false},"featured_media":12049,"comment_status":"closed","ping_status":"closed","template":"","meta":[],"product_brand":[],"product_cat":[265],"product_tag":[261,93,88,90,267,91,92,167],"class_list":{"0":"post-12048","1":"product","2":"type-product","3":"status-publish","4":"has-post-thumbnail","6":"product_cat-cfa-level-3","7":"product_tag-cfa-2025","8":"product_tag-cfa-books","9":"product_tag-cfa-ebooks","10":"product_tag-cfa-exam","11":"product_tag-cfa-level-3-2025","12":"product_tag-cfa-prep","13":"product_tag-cfa-test","14":"product_tag-ift","16":"first","17":"instock","18":"downloadable","19":"virtual","20":"sold-individually","21":"purchasable","22":"product-type-simple"},"_links":{"self":[{"href":"https:\/\/www.cfaebooks.com\/cs\/wp-json\/wp\/v2\/product\/12048","targetHints":{"allow":["GET"]}}],"collection":[{"href":"https:\/\/www.cfaebooks.com\/cs\/wp-json\/wp\/v2\/product"}],"about":[{"href":"https:\/\/www.cfaebooks.com\/cs\/wp-json\/wp\/v2\/types\/product"}],"replies":[{"embeddable":true,"href":"https:\/\/www.cfaebooks.com\/cs\/wp-json\/wp\/v2\/comments?post=12048"}],"wp:featuredmedia":[{"embeddable":true,"href":"https:\/\/www.cfaebooks.com\/cs\/wp-json\/wp\/v2\/media\/12049"}],"wp:attachment":[{"href":"https:\/\/www.cfaebooks.com\/cs\/wp-json\/wp\/v2\/media?parent=12048"}],"wp:term":[{"taxonomy":"product_brand","embeddable":true,"href":"https:\/\/www.cfaebooks.com\/cs\/wp-json\/wp\/v2\/product_brand?post=12048"},{"taxonomy":"product_cat","embeddable":true,"href":"https:\/\/www.cfaebooks.com\/cs\/wp-json\/wp\/v2\/product_cat?post=12048"},{"taxonomy":"product_tag","embeddable":true,"href":"https:\/\/www.cfaebooks.com\/cs\/wp-json\/wp\/v2\/product_tag?post=12048"}],"curies":[{"name":"wp","href":"https:\/\/api.w.org\/{rel}","templated":true}]}}