{"id":11150,"date":"2024-11-05T04:28:48","date_gmt":"2024-11-05T04:28:48","guid":{"rendered":"https:\/\/www.cfaebooks.com\/?post_type=product&#038;p=11150"},"modified":"2026-04-03T08:01:11","modified_gmt":"2026-04-03T08:01:11","slug":"2025-cfa-question-bank-level-2","status":"publish","type":"product","link":"https:\/\/www.cfaebooks.com\/cs\/products\/2025-cfa-question-bank-level-2\/","title":{"rendered":"2025 CFA Question Bank Level 2"},"content":{"rendered":"<p>For sale is an e-Book 2025 CFA Schweser Question Bank Level 2 PDF.<\/p>\n\n\n\n<ul class=\"wp-block-list\">\n<li>V\u00edce ne\u017e 1000 ot\u00e1zek a odpov\u011bd\u00ed.<\/li>\n\n\n\n<li>Obsahuje ot\u00e1zky a odpov\u011bdi na ka\u017edou ot\u00e1zku.<\/li>\n\n\n\n<li>Pokr\u00fdv\u00e1 cel\u00e9 u\u010divo - samostatn\u00e9 testy pro ka\u017ed\u00e9 t\u00e9ma. <\/li>\n\n\n\n<li>Zahrnuje n\u00e1sleduj\u00edc\u00ed t\u00e9mata: \n<ol class=\"wp-block-list\">\n<li><em>Kvantitativn\u00ed metody<\/em><\/li>\n\n\n\n<li><em>Ekonomika<\/em><\/li>\n\n\n\n<li><em>Anal\u00fdza finan\u010dn\u00edch v\u00fdkaz\u016f<\/em><\/li>\n\n\n\n<li><em>Podnikov\u00ed emitenti<\/em><\/li>\n\n\n\n<li><em>Oce\u0148ov\u00e1n\u00ed vlastn\u00edho kapit\u00e1lu<\/em><\/li>\n\n\n\n<li><em>Pevn\u00fd v\u00fdnos<\/em><\/li>\n\n\n\n<li><em>Deriv\u00e1ty<\/em><\/li>\n\n\n\n<li><em>Alternativn\u00ed investice<\/em><\/li>\n\n\n\n<li><em>Spr\u00e1va portfolia<\/em><\/li>\n\n\n\n<li>Etick\u00e9 a profesn\u00ed normy<\/li>\n<\/ol>\n<\/li>\n<\/ul>\n\n\n\n<ul class=\"wp-block-list\">\n<li>Nejedn\u00e1 se o fyzickou knihu, ale o digit\u00e1ln\u00ed kopii ve form\u00e1tu PDF. Pros\u00edm, nekupujte si ji, pokud chcete fyzickou ti\u0161t\u011bnou kopii.<\/li>\n\n\n\n<li>Po pokladn\u011b si m\u016f\u017eete e-knihu okam\u017eit\u011b st\u00e1hnout.<\/li>\n<\/ul>","protected":false},"excerpt":{"rendered":"<p>For sale is an e-Book 2025 CFA Schweser Question Bank Level 2 PDF.<\/p>","protected":false},"featured_media":11151,"comment_status":"closed","ping_status":"closed","template":"","meta":[],"product_brand":[],"product_cat":[266],"product_tag":[261,93,90,178,293,91,158,162,161,163],"class_list":{"0":"post-11150","1":"product","2":"type-product","3":"status-publish","4":"has-post-thumbnail","6":"product_cat-cfa-level-2","7":"product_tag-cfa-2025","8":"product_tag-cfa-books","9":"product_tag-cfa-exam","10":"product_tag-cfa-level-2","11":"product_tag-cfa-level-2-2025","12":"product_tag-cfa-prep","13":"product_tag-kaplan-schweser","14":"product_tag-qbank","15":"product_tag-question-bank","16":"product_tag-schweser-qbank","18":"first","19":"instock","20":"downloadable","21":"virtual","22":"sold-individually","23":"purchasable","24":"product-type-simple"},"_links":{"self":[{"href":"https:\/\/www.cfaebooks.com\/cs\/wp-json\/wp\/v2\/product\/11150","targetHints":{"allow":["GET"]}}],"collection":[{"href":"https:\/\/www.cfaebooks.com\/cs\/wp-json\/wp\/v2\/product"}],"about":[{"href":"https:\/\/www.cfaebooks.com\/cs\/wp-json\/wp\/v2\/types\/product"}],"replies":[{"embeddable":true,"href":"https:\/\/www.cfaebooks.com\/cs\/wp-json\/wp\/v2\/comments?post=11150"}],"wp:featuredmedia":[{"embeddable":true,"href":"https:\/\/www.cfaebooks.com\/cs\/wp-json\/wp\/v2\/media\/11151"}],"wp:attachment":[{"href":"https:\/\/www.cfaebooks.com\/cs\/wp-json\/wp\/v2\/media?parent=11150"}],"wp:term":[{"taxonomy":"product_brand","embeddable":true,"href":"https:\/\/www.cfaebooks.com\/cs\/wp-json\/wp\/v2\/product_brand?post=11150"},{"taxonomy":"product_cat","embeddable":true,"href":"https:\/\/www.cfaebooks.com\/cs\/wp-json\/wp\/v2\/product_cat?post=11150"},{"taxonomy":"product_tag","embeddable":true,"href":"https:\/\/www.cfaebooks.com\/cs\/wp-json\/wp\/v2\/product_tag?post=11150"}],"curies":[{"name":"wp","href":"https:\/\/api.w.org\/{rel}","templated":true}]}}