{"id":11098,"date":"2024-11-01T06:18:24","date_gmt":"2024-11-01T06:18:24","guid":{"rendered":"https:\/\/www.cfaebooks.com\/?post_type=product&#038;p=11098"},"modified":"2026-04-03T08:01:08","modified_gmt":"2026-04-03T08:01:08","slug":"2025-cfa-level-1-mark-meldrum-notes-with-formula-sheet-seminaru-a-predpokladu","status":"publish","type":"product","link":"https:\/\/www.cfaebooks.com\/cs\/products\/2025-cfa-level-1-mark-meldrum-notes-with-formula-sheet-seminaru-a-predpokladu\/","title":{"rendered":"2025 CFA Level 1 Mark Meldrum Pozn\u00e1mky s tabulkou vzorc\u016f, semin\u00e1\u0159\u016f a p\u0159edpoklad\u016f"},"content":{"rendered":"<p>For sale is an ebook 2025 CFA Mark Meldrum Notes Level 1 with Formula Sheet, Seminars and Prerequisites PDF.<\/p>\n\n\n\n<p>Zahrnuje n\u00e1sleduj\u00edc\u00ed t\u00e9mata:&nbsp;<\/p>\n\n\n\n<ul class=\"wp-block-list\">\n<li><strong>Kvantitativn\u00ed metody<\/strong><\/li>\n\n\n\n<li><strong>Ekonomika<\/strong><\/li>\n\n\n\n<li><strong>Podnikov\u00ed emitenti<\/strong><\/li>\n\n\n\n<li><strong>Anal\u00fdza finan\u010dn\u00edch v\u00fdkaz\u016f<\/strong><\/li>\n\n\n\n<li><strong>Equity<\/strong><\/li>\n\n\n\n<li><strong>Pevn\u00fd v\u00fdnos<\/strong><\/li>\n\n\n\n<li><strong>Deriv\u00e1ty<\/strong><\/li>\n\n\n\n<li><strong>Alternativn\u00ed investice<\/strong><\/li>\n\n\n\n<li><strong>Spr\u00e1va portfolia a etika<\/strong>.<\/li>\n<\/ul>\n\n\n\n<p>Po objedn\u00e1n\u00ed si m\u016f\u017eete e-knihu okam\u017eit\u011b st\u00e1hnout. Nejedn\u00e1 se o fyzickou knihu, ale o digit\u00e1ln\u00ed kopii ve form\u00e1tu PDF. Pokud chcete fyzickou ti\u0161t\u011bnou kopii, nekupujte ji, pros\u00edm.<\/p>","protected":false},"excerpt":{"rendered":"<p>For sale is an ebook 2025 CFA Mark Meldrum Notes Level 1 with Formula Sheet, Seminars and Prerequisites PDF. It includes the following topics:&nbsp; After checkout you can download the e-Book immediately. This is not a physical book it is a&nbsp;PDF&nbsp;digital copy. Please do not purchase if you want a physical hard copy.<\/p>","protected":false},"featured_media":11099,"comment_status":"closed","ping_status":"closed","template":"","meta":[],"product_brand":[],"product_cat":[260],"product_tag":[261,93,88,90,268,87,91,92,165,309,168],"class_list":{"0":"post-11098","1":"product","2":"type-product","3":"status-publish","4":"has-post-thumbnail","6":"product_cat-cfa-level-1","7":"product_tag-cfa-2025","8":"product_tag-cfa-books","9":"product_tag-cfa-ebooks","10":"product_tag-cfa-exam","11":"product_tag-cfa-level-1-2025","12":"product_tag-cfa-level-i","13":"product_tag-cfa-prep","14":"product_tag-cfa-test","15":"product_tag-mark-meldrum","16":"product_tag-mark-meldrum-2025","17":"product_tag-study-notes","19":"first","20":"instock","21":"downloadable","22":"virtual","23":"sold-individually","24":"purchasable","25":"product-type-simple"},"_links":{"self":[{"href":"https:\/\/www.cfaebooks.com\/cs\/wp-json\/wp\/v2\/product\/11098","targetHints":{"allow":["GET"]}}],"collection":[{"href":"https:\/\/www.cfaebooks.com\/cs\/wp-json\/wp\/v2\/product"}],"about":[{"href":"https:\/\/www.cfaebooks.com\/cs\/wp-json\/wp\/v2\/types\/product"}],"replies":[{"embeddable":true,"href":"https:\/\/www.cfaebooks.com\/cs\/wp-json\/wp\/v2\/comments?post=11098"}],"wp:featuredmedia":[{"embeddable":true,"href":"https:\/\/www.cfaebooks.com\/cs\/wp-json\/wp\/v2\/media\/11099"}],"wp:attachment":[{"href":"https:\/\/www.cfaebooks.com\/cs\/wp-json\/wp\/v2\/media?parent=11098"}],"wp:term":[{"taxonomy":"product_brand","embeddable":true,"href":"https:\/\/www.cfaebooks.com\/cs\/wp-json\/wp\/v2\/product_brand?post=11098"},{"taxonomy":"product_cat","embeddable":true,"href":"https:\/\/www.cfaebooks.com\/cs\/wp-json\/wp\/v2\/product_cat?post=11098"},{"taxonomy":"product_tag","embeddable":true,"href":"https:\/\/www.cfaebooks.com\/cs\/wp-json\/wp\/v2\/product_tag?post=11098"}],"curies":[{"name":"wp","href":"https:\/\/api.w.org\/{rel}","templated":true}]}}