{"id":10908,"date":"2024-10-25T00:23:51","date_gmt":"2024-10-25T00:23:51","guid":{"rendered":"https:\/\/www.cfaebooks.com\/?post_type=product&#038;p=10908"},"modified":"2026-04-03T08:00:34","modified_gmt":"2026-04-03T08:00:34","slug":"2024-gleim-cma-review-part-2-strategic-financial-management","status":"publish","type":"product","link":"https:\/\/www.cfaebooks.com\/cs\/products\/2024-gleim-cma-review-part-2-strategic-financial-management\/","title":{"rendered":"2024 Gleim CMA Review 2. \u010d\u00e1st Strategick\u00e9 finan\u010dn\u00ed \u0159\u00edzen\u00ed"},"content":{"rendered":"<p>Na prodej je elektronick\u00e1 kniha 2024 Gleim CMA Review Part 2 Strategic Financial Management PDF. <\/p>\n\n\n\n<ul class=\"wp-block-list\">\n<li>Nejedn\u00e1 se o fyzickou knihu, ale o digit\u00e1ln\u00ed kopii ve form\u00e1tu PDF.<\/li>\n\n\n\n<li>Pokud si p\u0159ejete fyzickou kopii, nekupujte ji. E-knihu si m\u016f\u017eete st\u00e1hnout ihned po objedn\u00e1n\u00ed.<\/li>\n<\/ul>","protected":false},"excerpt":{"rendered":"<p>Na prodej je elektronick\u00e1 kniha 2024 Gleim CMA Review Part 2 Strategic Financial Management PDF.<\/p>","protected":false},"featured_media":10909,"comment_status":"closed","ping_status":"closed","template":"","meta":[],"product_brand":[],"product_cat":[359],"product_tag":[282,287,292,291,288,297,290,286,289,284],"class_list":{"0":"post-10908","1":"product","2":"type-product","3":"status-publish","4":"has-post-thumbnail","6":"product_cat-cma-part-2-2024","7":"product_tag-cma","8":"product_tag-cma-2024","9":"product_tag-cma-books","10":"product_tag-cma-ebooks","11":"product_tag-cma-exam","12":"product_tag-cma-part-2","13":"product_tag-cma-prep","14":"product_tag-cma-review","15":"product_tag-cma-test","16":"product_tag-gleim","18":"first","19":"instock","20":"downloadable","21":"virtual","22":"sold-individually","23":"purchasable","24":"product-type-simple"},"_links":{"self":[{"href":"https:\/\/www.cfaebooks.com\/cs\/wp-json\/wp\/v2\/product\/10908","targetHints":{"allow":["GET"]}}],"collection":[{"href":"https:\/\/www.cfaebooks.com\/cs\/wp-json\/wp\/v2\/product"}],"about":[{"href":"https:\/\/www.cfaebooks.com\/cs\/wp-json\/wp\/v2\/types\/product"}],"replies":[{"embeddable":true,"href":"https:\/\/www.cfaebooks.com\/cs\/wp-json\/wp\/v2\/comments?post=10908"}],"wp:featuredmedia":[{"embeddable":true,"href":"https:\/\/www.cfaebooks.com\/cs\/wp-json\/wp\/v2\/media\/10909"}],"wp:attachment":[{"href":"https:\/\/www.cfaebooks.com\/cs\/wp-json\/wp\/v2\/media?parent=10908"}],"wp:term":[{"taxonomy":"product_brand","embeddable":true,"href":"https:\/\/www.cfaebooks.com\/cs\/wp-json\/wp\/v2\/product_brand?post=10908"},{"taxonomy":"product_cat","embeddable":true,"href":"https:\/\/www.cfaebooks.com\/cs\/wp-json\/wp\/v2\/product_cat?post=10908"},{"taxonomy":"product_tag","embeddable":true,"href":"https:\/\/www.cfaebooks.com\/cs\/wp-json\/wp\/v2\/product_tag?post=10908"}],"curies":[{"name":"wp","href":"https:\/\/api.w.org\/{rel}","templated":true}]}}