{"id":10896,"date":"2024-10-24T13:19:06","date_gmt":"2024-10-24T13:19:06","guid":{"rendered":"https:\/\/www.cfaebooks.com\/?post_type=product&#038;p=10896"},"modified":"2026-04-03T08:00:21","modified_gmt":"2026-04-03T08:00:21","slug":"2024-hock-cma-textbook-part-1-financial-planning-performance-and-analytics","status":"publish","type":"product","link":"https:\/\/www.cfaebooks.com\/cs\/products\/2024-hock-cma-textbook-part-1-financial-planning-performance-and-analytics\/","title":{"rendered":"2024 Hockova u\u010debnice CMA 1. \u010d\u00e1st Finan\u010dn\u00ed pl\u00e1nov\u00e1n\u00ed, v\u00fdkonnost a anal\u00fdza"},"content":{"rendered":"<p>Na prodej je elektronick\u00e1 kniha 2024 Hock CMA Textbook Part 1 Financial Planning, Performance and Analytics PDF. <\/p>\n\n\n\n<ul class=\"wp-block-list\">\n<li>Nejedn\u00e1 se o fyzickou knihu, ale o digit\u00e1ln\u00ed kopii ve form\u00e1tu PDF. <\/li>\n\n\n\n<li>Pokud si p\u0159ejete fyzickou kopii, nekupujte ji. <\/li>\n\n\n\n<li>Po pokladn\u011b si m\u016f\u017eete e-knihu okam\u017eit\u011b st\u00e1hnout.<\/li>\n<\/ul>","protected":false},"excerpt":{"rendered":"<p>Na prodej je elektronick\u00e1 kniha 2024 Hock CMA Textbook Part 1 Financial Planning, Performance and Analytics PDF.<\/p>","protected":false},"featured_media":10897,"comment_status":"closed","ping_status":"closed","template":"","meta":[],"product_brand":[],"product_cat":[279],"product_tag":[283,282,287,292,291,288,285,290,286,289,294,296],"class_list":{"0":"post-10896","1":"product","2":"type-product","3":"status-publish","4":"has-post-thumbnail","6":"product_cat-cma-part-1","7":"product_tag-certified-management-accountant","8":"product_tag-cma","9":"product_tag-cma-2024","10":"product_tag-cma-books","11":"product_tag-cma-ebooks","12":"product_tag-cma-exam","13":"product_tag-cma-part-1","14":"product_tag-cma-prep","15":"product_tag-cma-review","16":"product_tag-cma-test","17":"product_tag-hock","18":"product_tag-hock-cma","20":"first","21":"instock","22":"downloadable","23":"virtual","24":"sold-individually","25":"purchasable","26":"product-type-simple"},"_links":{"self":[{"href":"https:\/\/www.cfaebooks.com\/cs\/wp-json\/wp\/v2\/product\/10896","targetHints":{"allow":["GET"]}}],"collection":[{"href":"https:\/\/www.cfaebooks.com\/cs\/wp-json\/wp\/v2\/product"}],"about":[{"href":"https:\/\/www.cfaebooks.com\/cs\/wp-json\/wp\/v2\/types\/product"}],"replies":[{"embeddable":true,"href":"https:\/\/www.cfaebooks.com\/cs\/wp-json\/wp\/v2\/comments?post=10896"}],"wp:featuredmedia":[{"embeddable":true,"href":"https:\/\/www.cfaebooks.com\/cs\/wp-json\/wp\/v2\/media\/10897"}],"wp:attachment":[{"href":"https:\/\/www.cfaebooks.com\/cs\/wp-json\/wp\/v2\/media?parent=10896"}],"wp:term":[{"taxonomy":"product_brand","embeddable":true,"href":"https:\/\/www.cfaebooks.com\/cs\/wp-json\/wp\/v2\/product_brand?post=10896"},{"taxonomy":"product_cat","embeddable":true,"href":"https:\/\/www.cfaebooks.com\/cs\/wp-json\/wp\/v2\/product_cat?post=10896"},{"taxonomy":"product_tag","embeddable":true,"href":"https:\/\/www.cfaebooks.com\/cs\/wp-json\/wp\/v2\/product_tag?post=10896"}],"curies":[{"name":"wp","href":"https:\/\/api.w.org\/{rel}","templated":true}]}}