{"id":10886,"date":"2024-10-24T08:56:02","date_gmt":"2024-10-24T08:56:02","guid":{"rendered":"https:\/\/www.cfaebooks.com\/?post_type=product&#038;p=10886"},"modified":"2026-04-03T08:00:12","modified_gmt":"2026-04-03T08:00:12","slug":"2025-cfa-program-curriculum-level-ii-box-set","status":"publish","type":"product","link":"https:\/\/www.cfaebooks.com\/cs\/products\/2025-cfa-program-curriculum-level-ii-box-set\/","title":{"rendered":"2025 CFA Program Curriculum Level II Box Set"},"content":{"rendered":"<p>Na prodej je elektronick\u00e1 kniha 2025 CFA Program Curriculum Level II Box Set PDF. <\/p>\n\n\n\n<p>Zahrnuje n\u00e1sleduj\u00edc\u00ed t\u00e9mata: <\/p>\n\n\n\n<ul class=\"wp-block-list\">\n<li><em>Svazek 1: Kvantitativn\u00ed metody<\/em><\/li>\n\n\n\n<li><em>Svazek 2: Ekonomika<\/em><\/li>\n\n\n\n<li><em>Svazek 3: Anal\u00fdza finan\u010dn\u00edch v\u00fdkaz\u016f<\/em><\/li>\n\n\n\n<li><em>Volume 4: Corporate Issuers <\/em><\/li>\n\n\n\n<li><em>Svazek<\/em> <em>5: Kapit\u00e1lov\u00e9 investice<\/em><\/li>\n\n\n\n<li><em>Svazek 6: Pevn\u00fd v\u00fdnos<\/em><\/li>\n\n\n\n<li><em>Volume 7: Derivatives<\/em><\/li>\n\n\n\n<li><em>Volume 8: Alternative Investments<\/em><\/li>\n\n\n\n<li><em>Svazek 9: \u0158\u00edzen\u00ed portfolia<\/em><\/li>\n\n\n\n<li><em>Svazek 10: Etika a profesn\u00ed standardy <\/em>.<\/li>\n<\/ul>\n\n\n\n<p>Po objedn\u00e1n\u00ed si m\u016f\u017eete e-knihu okam\u017eit\u011b st\u00e1hnout. Nejedn\u00e1 se o fyzickou knihu, ale o digit\u00e1ln\u00ed kopii ve form\u00e1tu PDF. Pokud chcete fyzickou ti\u0161t\u011bnou verzi, nekupujte ji, pros\u00edm.<\/p>","protected":false},"excerpt":{"rendered":"<p>For sale is an e-Book 2025 CFA Program Curriculum Level II Box Set PDF. Includes the following topics: After checkout you can download the e-Book immediately. This is not a physical book it is a&nbsp;PDF&nbsp;digital copy. Please do not purchase if you want a physical hard copy<\/p>","protected":false},"featured_media":10887,"comment_status":"closed","ping_status":"closed","template":"","meta":[],"product_brand":[],"product_cat":[266],"product_tag":[261,93,88,90,174,178,293,91,89,92,168],"class_list":{"0":"post-10886","1":"product","2":"type-product","3":"status-publish","4":"has-post-thumbnail","6":"product_cat-cfa-level-2","7":"product_tag-cfa-2025","8":"product_tag-cfa-books","9":"product_tag-cfa-ebooks","10":"product_tag-cfa-exam","11":"product_tag-cfa-institute","12":"product_tag-cfa-level-2","13":"product_tag-cfa-level-2-2025","14":"product_tag-cfa-prep","15":"product_tag-cfa-program-curriculum","16":"product_tag-cfa-test","17":"product_tag-study-notes","19":"first","20":"instock","21":"downloadable","22":"virtual","23":"sold-individually","24":"purchasable","25":"product-type-simple"},"_links":{"self":[{"href":"https:\/\/www.cfaebooks.com\/cs\/wp-json\/wp\/v2\/product\/10886","targetHints":{"allow":["GET"]}}],"collection":[{"href":"https:\/\/www.cfaebooks.com\/cs\/wp-json\/wp\/v2\/product"}],"about":[{"href":"https:\/\/www.cfaebooks.com\/cs\/wp-json\/wp\/v2\/types\/product"}],"replies":[{"embeddable":true,"href":"https:\/\/www.cfaebooks.com\/cs\/wp-json\/wp\/v2\/comments?post=10886"}],"wp:featuredmedia":[{"embeddable":true,"href":"https:\/\/www.cfaebooks.com\/cs\/wp-json\/wp\/v2\/media\/10887"}],"wp:attachment":[{"href":"https:\/\/www.cfaebooks.com\/cs\/wp-json\/wp\/v2\/media?parent=10886"}],"wp:term":[{"taxonomy":"product_brand","embeddable":true,"href":"https:\/\/www.cfaebooks.com\/cs\/wp-json\/wp\/v2\/product_brand?post=10886"},{"taxonomy":"product_cat","embeddable":true,"href":"https:\/\/www.cfaebooks.com\/cs\/wp-json\/wp\/v2\/product_cat?post=10886"},{"taxonomy":"product_tag","embeddable":true,"href":"https:\/\/www.cfaebooks.com\/cs\/wp-json\/wp\/v2\/product_tag?post=10886"}],"curies":[{"name":"wp","href":"https:\/\/api.w.org\/{rel}","templated":true}]}}