{"id":10751,"date":"2024-10-12T13:11:32","date_gmt":"2024-10-12T13:11:32","guid":{"rendered":"https:\/\/www.cfaebooks.com\/?post_type=product&#038;p=10751"},"modified":"2026-04-03T08:00:00","modified_gmt":"2026-04-03T08:00:00","slug":"frm-part-2-mock-exams-questions-and-answers","status":"publish","type":"product","link":"https:\/\/www.cfaebooks.com\/cs\/products\/frm-part-2-mock-exams-questions-and-answers\/","title":{"rendered":"FRM Part 2 Mock Exams Ot\u00e1zky a odpov\u011bdi"},"content":{"rendered":"<p>For sale is an e-Book 2024 FRM Part 2 Schweser Mock Exams PDF.<\/p>\n\n\n\n<ul class=\"wp-block-list\">\n<li>Nejedn\u00e1 se o fyzickou knihu, ale o digit\u00e1ln\u00ed kopii ve form\u00e1tu PDF. <\/li>\n\n\n\n<li>Pokud si p\u0159ejete fyzickou kopii, nekupujte ji. E-knihu si m\u016f\u017eete st\u00e1hnout ihned po objedn\u00e1n\u00ed.<\/li>\n<\/ul>","protected":false},"excerpt":{"rendered":"<p>For sale is an e-Book 2024 FRM Part 2 Schweser Mock Exams PDF.<\/p>","protected":false},"featured_media":10752,"comment_status":"closed","ping_status":"closed","template":"","meta":[],"product_brand":[],"product_cat":[356],"product_tag":[184,189,185,186,181,275,188,176],"class_list":{"0":"post-10751","1":"product","2":"type-product","3":"status-publish","4":"has-post-thumbnail","6":"product_cat-frm-part-2-2024","7":"product_tag-frm","8":"product_tag-frm-2024","9":"product_tag-frm-books","10":"product_tag-frm-ebooks","11":"product_tag-frm-exam","12":"product_tag-frm-mock-exams","13":"product_tag-frm-part-2","14":"product_tag-mock-exam","16":"first","17":"instock","18":"downloadable","19":"virtual","20":"sold-individually","21":"purchasable","22":"product-type-simple"},"_links":{"self":[{"href":"https:\/\/www.cfaebooks.com\/cs\/wp-json\/wp\/v2\/product\/10751","targetHints":{"allow":["GET"]}}],"collection":[{"href":"https:\/\/www.cfaebooks.com\/cs\/wp-json\/wp\/v2\/product"}],"about":[{"href":"https:\/\/www.cfaebooks.com\/cs\/wp-json\/wp\/v2\/types\/product"}],"replies":[{"embeddable":true,"href":"https:\/\/www.cfaebooks.com\/cs\/wp-json\/wp\/v2\/comments?post=10751"}],"wp:featuredmedia":[{"embeddable":true,"href":"https:\/\/www.cfaebooks.com\/cs\/wp-json\/wp\/v2\/media\/10752"}],"wp:attachment":[{"href":"https:\/\/www.cfaebooks.com\/cs\/wp-json\/wp\/v2\/media?parent=10751"}],"wp:term":[{"taxonomy":"product_brand","embeddable":true,"href":"https:\/\/www.cfaebooks.com\/cs\/wp-json\/wp\/v2\/product_brand?post=10751"},{"taxonomy":"product_cat","embeddable":true,"href":"https:\/\/www.cfaebooks.com\/cs\/wp-json\/wp\/v2\/product_cat?post=10751"},{"taxonomy":"product_tag","embeddable":true,"href":"https:\/\/www.cfaebooks.com\/cs\/wp-json\/wp\/v2\/product_tag?post=10751"}],"curies":[{"name":"wp","href":"https:\/\/api.w.org\/{rel}","templated":true}]}}