{"id":10161,"date":"2024-08-28T06:09:47","date_gmt":"2024-08-28T06:09:47","guid":{"rendered":"https:\/\/www.cfaebooks.com\/?post_type=product&#038;p=10161"},"modified":"2026-04-03T07:59:02","modified_gmt":"2026-04-03T07:59:02","slug":"2023-frm-schweser-secret-sauce-part-1","status":"publish","type":"product","link":"https:\/\/www.cfaebooks.com\/cs\/products\/2023-frm-schweser-secret-sauce-part-1\/","title":{"rendered":"2023 FRM Schweserova tajn\u00e1 om\u00e1\u010dka \u010d\u00e1st 1"},"content":{"rendered":"<p>Na prodej je elektronick\u00e1 kniha 2023 FRM Schweser Secret Sauce Part 1 PDF. <\/p>\n\n\n\n<ul class=\"wp-block-list\">\n<li>Nejedn\u00e1 se o fyzickou knihu, ale o digit\u00e1ln\u00ed kopii ve form\u00e1tu PDF. <\/li>\n\n\n\n<li>Pokud si p\u0159ejete fyzickou kopii, nekupujte ji. <\/li>\n\n\n\n<li>Po pokladn\u011b si m\u016f\u017eete e-knihu okam\u017eit\u011b st\u00e1hnout.<\/li>\n<\/ul>","protected":false},"excerpt":{"rendered":"<p>Na prodej je elektronick\u00e1 kniha 2023 FRM Schweser Secret Sauce Part 1 PDF.<\/p>","protected":false},"featured_media":10162,"comment_status":"closed","ping_status":"closed","template":"","meta":[],"product_brand":[],"product_cat":[355],"product_tag":[184,189,185,186,181,205,182,183,159],"class_list":{"0":"post-10161","1":"product","2":"type-product","3":"status-publish","4":"has-post-thumbnail","6":"product_cat-frm-part-1-2024","7":"product_tag-frm","8":"product_tag-frm-2024","9":"product_tag-frm-books","10":"product_tag-frm-ebooks","11":"product_tag-frm-exam","12":"product_tag-frm-part-1","13":"product_tag-frm-prep","14":"product_tag-frm-test","15":"product_tag-secret-sauce","17":"first","18":"instock","19":"downloadable","20":"virtual","21":"sold-individually","22":"purchasable","23":"product-type-simple"},"_links":{"self":[{"href":"https:\/\/www.cfaebooks.com\/cs\/wp-json\/wp\/v2\/product\/10161","targetHints":{"allow":["GET"]}}],"collection":[{"href":"https:\/\/www.cfaebooks.com\/cs\/wp-json\/wp\/v2\/product"}],"about":[{"href":"https:\/\/www.cfaebooks.com\/cs\/wp-json\/wp\/v2\/types\/product"}],"replies":[{"embeddable":true,"href":"https:\/\/www.cfaebooks.com\/cs\/wp-json\/wp\/v2\/comments?post=10161"}],"wp:featuredmedia":[{"embeddable":true,"href":"https:\/\/www.cfaebooks.com\/cs\/wp-json\/wp\/v2\/media\/10162"}],"wp:attachment":[{"href":"https:\/\/www.cfaebooks.com\/cs\/wp-json\/wp\/v2\/media?parent=10161"}],"wp:term":[{"taxonomy":"product_brand","embeddable":true,"href":"https:\/\/www.cfaebooks.com\/cs\/wp-json\/wp\/v2\/product_brand?post=10161"},{"taxonomy":"product_cat","embeddable":true,"href":"https:\/\/www.cfaebooks.com\/cs\/wp-json\/wp\/v2\/product_cat?post=10161"},{"taxonomy":"product_tag","embeddable":true,"href":"https:\/\/www.cfaebooks.com\/cs\/wp-json\/wp\/v2\/product_tag?post=10161"}],"curies":[{"name":"wp","href":"https:\/\/api.w.org\/{rel}","templated":true}]}}