{"id":8795,"date":"2024-03-22T13:16:51","date_gmt":"2024-03-22T13:16:51","guid":{"rendered":"https:\/\/www.cfaebooks.com\/?page_id=8795"},"modified":"2024-03-22T14:19:25","modified_gmt":"2024-03-22T14:19:25","slug":"terms-of-use","status":"publish","type":"page","link":"https:\/\/www.cfaebooks.com\/cs\/terms-of-use\/","title":{"rendered":"Podm\u00ednky pou\u017eit\u00ed"},"content":{"rendered":"<p>Knihy CFAeBooks jsou celosv\u011btov\u011b dostupn\u00e9 v\u0161em osob\u00e1m bez ohledu na v\u011bk, pohlav\u00ed, rasu, n\u00e1rodnost nebo n\u00e1bo\u017eenstv\u00ed.<\/p>\n\n\n\n<h3 class=\"wp-block-heading\">Z\u0159eknut\u00ed se autorsk\u00fdch pr\u00e1v<\/h3>\n\n\n\n<p>\u010cl\u00e1nek 107 z\u00e1kona o autorsk\u00fdch pr\u00e1vech Fair Use Obsah. \u00da\u010del vzd\u011bl\u00e1v\u00e1n\u00ed a v\u00fduky Z\u00e1m\u011br. Ne pro komer\u010dn\u00ed \u00fa\u010dely.<\/p>\n\n\n\n<h3 class=\"wp-block-heading\">Z\u0159eknut\u00ed se odpov\u011bdnosti za extern\u00ed odkazy<\/h3>\n\n\n\n<p>Str\u00e1nky mohou obsahovat (nebo v\u00e1m mohou b\u00fdt prost\u0159ednictv\u00edm str\u00e1nek zasl\u00e1ny) odkazy na jin\u00e9 webov\u00e9 str\u00e1nky nebo obsah pat\u0159\u00edc\u00ed t\u0159et\u00edm stran\u00e1m nebo poch\u00e1zej\u00edc\u00ed od t\u0159et\u00edch stran nebo odkazy na webov\u00e9 str\u00e1nky a funkce v bannerech nebo jin\u00e9 reklam\u011b. Takov\u00e9 extern\u00ed inky nejsou n\u00e1mi zkoum\u00e1ny, monitorov\u00e1ny ani kontrolov\u00e1ny z hlediska p\u0159esnosti, p\u0159im\u011b\u0159enosti. platnosti, spolehlivosti, dostupnosti nebo \u00faplnosti. NERU\u010c\u00cdME, NESCHVALUJEME, NERU\u010c\u00cdME ANI NEP\u0158EB\u00cdR\u00c1ME ODPOV\u011aDNOST ZA P\u0158ESNOST NEBO SPOLEHLIVOST JAK\u00ddCHKOLI INFORMAC\u00cd NAB\u00cdZEN\u00ddCH WEBOV\u00ddMI STR\u00c1NKAMI T\u0158ET\u00cdCH STRAN, NA KTER\u00c9 ODKAZUJ\u00cd TYTO STR\u00c1NKY, NEBO JAK\u00ddCHKOLI WEBOV\u00ddCH STR\u00c1NEK \u010cI FUNKC\u00cd, NA KTER\u00c9 ODKAZUJ\u00cd BANNERY NEBO JIN\u00c1 REKLAMA. NEJSME STRANOU ANI NIJAK NEODPOV\u00cdD\u00c1ME ZA SLEDOV\u00c1N\u00cd JAK\u00ddCHKOLI TRANSAKC\u00cd MEZI V\u00c1MI A POSKYTOVATELI PRODUKT\u016e NEBO SLU\u017dEB T\u0158ET\u00cdCH STRAN.<\/p>\n\n\n\n<h3 class=\"wp-block-heading\">Ochrann\u00e9 zn\u00e1mky, loga a obchodn\u00ed zna\u010dky Odm\u00edtnut\u00ed odpov\u011bdnosti<\/h3>\n\n\n\n<p>V\u0161echny ochrann\u00e9 zn\u00e1mky, loga a n\u00e1zvy zna\u010dek jsou majetkem p\u0159\u00edslu\u0161n\u00fdch vlastn\u00edk\u016f nebo jejich p\u0159idru\u017een\u00fdch spole\u010dnost\u00ed.<\/p>\n\n\n\n<h3 class=\"wp-block-heading\">Z\u0159eknut\u00ed se odpov\u011bdnosti DMCA<\/h3>\n\n\n\n<p>Na na\u0161ich webov\u00fdch str\u00e1nk\u00e1ch NEHOSTUJEME \u017e\u00e1dn\u00fd obsah chr\u00e1n\u011bn\u00fd autorsk\u00fdmi pr\u00e1vy, jedn\u00e1 se o katalog odkaz\u016f ji\u017e nalezen\u00fdch na internetu. Pod\u00edvejte se na n\u00e1\u0161\u00a0<a href=\"\/cs\/dmca\/\">Z\u00e1sady DMCA<\/a>. Pokud m\u00e1te pocit, \u017ee byla poru\u0161ena va\u0161e autorsk\u00e1 pr\u00e1va, neprodlen\u011b n\u00e1s kontaktujte, dot\u010den\u00fd obsah bude do 24 hodin trvale sta\u017een.\u00a0<a href=\"\/cs\/kontakt\/\">Kontaktujte n\u00e1s<\/a>.<\/p>\n\n\n\n<h2 class=\"wp-block-heading\">Z\u00e1sady ochrany osobn\u00edch \u00fadaj\u016f a soubor\u016f cookie<\/h2>\n\n\n\n<p>Spole\u010dnost CFAeBooks pln\u011b podporuje a dodr\u017euje z\u00e1sady ochrany osobn\u00edch \u00fadaj\u016f stanoven\u00e9 v obecn\u00e9m na\u0159\u00edzen\u00ed EU o ochran\u011b osobn\u00edch \u00fadaj\u016f (GDPR) z roku 2018. Spole\u010dnost CFAeBooks se zavazuje chr\u00e1nit soukrom\u00ed u\u017eivatel\u016f. Uv\u011bdomujeme si, \u017ee n\u00e1v\u0161t\u011bvn\u00edci a u\u017eivatel\u00e9 t\u011bchto webov\u00fdch str\u00e1nek maj\u00ed z\u00e1jem o d\u016fv\u011brnost a bezpe\u010dnost v\u0161ech informac\u00ed, kter\u00e9 n\u00e1m poskytnou.<\/p>\n\n\n\n<p>Pod\u00edvejte se pros\u00edm na na\u0161e&nbsp;<a href=\"\/cs\/privacy-policy\/\">Z\u00e1sady ochrany osobn\u00edch \u00fadaj\u016f zde<\/a><\/p>\n\n\n\n<p>Pod\u00edvejte se pros\u00edm na na\u0161e&nbsp;<a href=\"\/cs\/privacy-policy\/#cookies\">Z\u00e1sady pou\u017e\u00edv\u00e1n\u00ed soubor\u016f cookie zde<\/a><\/p>\n\n\n\n<p>M\u00e1te-li jak\u00e9koli dotazy t\u00fdkaj\u00edc\u00ed se tohoto dokumentu nebo na\u0161ich podm\u00ednek pou\u017e\u00edv\u00e1n\u00ed, pros\u00edm.&nbsp;<a href=\"\/cs\/kontakt\/\">kontaktujte n\u00e1s<\/a>.<\/p>","protected":false},"excerpt":{"rendered":"<p>CFAeBooks&nbsp;are made available worldwide to all persons, regardless of age, gender, race, nationality, or religion. Copyright Disclaimer Section 107 of the Copyright Act Fair Use Contents. Purpose of Education &amp; Teaching Intention. Not for commercial purpose. External Links Disclaimer The Site may contain (or you may be sent through the Site) links to other websites [&hellip;]<\/p>\n","protected":false},"author":1,"featured_media":0,"parent":0,"menu_order":0,"comment_status":"closed","ping_status":"closed","template":"template-fullwidth.php","meta":{"footnotes":""},"class_list":["post-8795","page","type-page","status-publish","hentry"],"_links":{"self":[{"href":"https:\/\/www.cfaebooks.com\/cs\/wp-json\/wp\/v2\/pages\/8795","targetHints":{"allow":["GET"]}}],"collection":[{"href":"https:\/\/www.cfaebooks.com\/cs\/wp-json\/wp\/v2\/pages"}],"about":[{"href":"https:\/\/www.cfaebooks.com\/cs\/wp-json\/wp\/v2\/types\/page"}],"author":[{"embeddable":true,"href":"https:\/\/www.cfaebooks.com\/cs\/wp-json\/wp\/v2\/users\/1"}],"replies":[{"embeddable":true,"href":"https:\/\/www.cfaebooks.com\/cs\/wp-json\/wp\/v2\/comments?post=8795"}],"version-history":[{"count":0,"href":"https:\/\/www.cfaebooks.com\/cs\/wp-json\/wp\/v2\/pages\/8795\/revisions"}],"wp:attachment":[{"href":"https:\/\/www.cfaebooks.com\/cs\/wp-json\/wp\/v2\/media?parent=8795"}],"curies":[{"name":"wp","href":"https:\/\/api.w.org\/{rel}","templated":true}]}}