{"id":8662,"date":"2024-03-20T09:28:22","date_gmt":"2024-03-20T09:28:22","guid":{"rendered":"https:\/\/www.cfaebooks.com\/?page_id=8662"},"modified":"2026-02-11T04:07:34","modified_gmt":"2026-02-11T04:07:34","slug":"faqs","status":"publish","type":"page","link":"https:\/\/www.cfaebooks.com\/cs\/faqs\/","title":{"rendered":"Nej\u010dast\u011bj\u0161\u00ed dotazy"},"content":{"rendered":"<div id=\"rank-math-faq\" class=\"rank-math-block\">\n<div class=\"rank-math-list\">\n<div id=\"faq-question-1711112280361\" class=\"rank-math-list-item\">\n<h3 class=\"rank-math-question\"><strong>Pro\u010d nefunguje m\u016fj zp\u016fsob platby?<\/strong><\/h3>\n<div class=\"rank-math-answer\">\n\n<p>Existuje n\u011bkolik d\u016fvod\u016f, pro\u010d m\u016f\u017ee doj\u00edt k pot\u00ed\u017e\u00edm p\u0159i zpracov\u00e1n\u00ed platby. Zde je n\u011bkolik b\u011b\u017en\u00fdch v\u011bc\u00ed, kter\u00e9 je t\u0159eba zkontrolovat.<\/p>\n<p>1. Zajist\u011bte, aby\u00a0<strong>zadan\u00e1 zem\u011b odpov\u00edd\u00e1 zemi platebn\u00ed karty<\/strong><br \/>2. <strong>Vymazat mezipam\u011b\u0165<\/strong>\u00a0ve webov\u00e9m prohl\u00ed\u017ee\u010di<br \/>3. Try<strong>\u00a0pou\u017eit\u00ed jin\u00e9 e-mailov\u00e9 adresy<\/strong><br \/>4. Try a\u00a0<strong>jin\u00fd webov\u00fd prohl\u00ed\u017ee\u010d<\/strong>\u00a0Nap\u0159. Google Chrome, Mozilla Firefox, Microsoft Edge, Apple Safari.<\/p>\n\n<\/div>\n<\/div>\n<div id=\"faq-question-1711112367817\" class=\"rank-math-list-item\">\n<h3 class=\"rank-math-question\"><strong>Pot\u0159ebuji k n\u00e1kupu produkt\u016f \u00fa\u010det?<\/strong><\/h3>\n<div class=\"rank-math-answer\">\n\n<p>Ne, k n\u00e1kupu produkt\u016f nepot\u0159ebujete \u00fa\u010det. M\u00e1te mo\u017enost\u00a0<strong>Pokladna jako host<\/strong>. V opa\u010dn\u00e9m p\u0159\u00edpad\u011b si m\u016f\u017eete vytvo\u0159it bezplatn\u00fd \u00fa\u010det.<\/p>\n\n<\/div>\n<\/div>\n<div id=\"faq-question-1711112392048\" class=\"rank-math-list-item\">\n<h3 class=\"rank-math-question\"><strong>Jak se p\u0159ihl\u00e1s\u00edm k bezplatn\u00e9mu \u00fa\u010dtu?<\/strong><\/h3>\n<div class=\"rank-math-answer\">\n\n<p>P\u0159ihl\u00e1sit se m\u016f\u017eete kliknut\u00edm na\u00a0<strong><a href=\"\/cs\/muj-ucet\/\">REGISTRACE\u00a0<\/a><\/strong>here. You can also find register in the menu under &#8216;Account&#8217;.<\/p>\n\n<\/div>\n<\/div>\n<div id=\"faq-question-1711112474613\" class=\"rank-math-list-item\">\n<h3 class=\"rank-math-question\"><strong>Jak\u00fdmi platebn\u00edmi metodami mohu platit?<\/strong><\/h3>\n<div class=\"rank-math-answer\">\n\n<p>We accept payment via most Debit \/ Credit Card.<\/p>\n\n<\/div>\n<\/div>\n<div id=\"faq-question-1711112510413\" class=\"rank-math-list-item\">\n<h3 class=\"rank-math-question\"><strong>Kolikr\u00e1t m\u00e1m p\u0159\u00edstup ke sv\u00fdm sta\u017een\u00fdm soubor\u016fm?<\/strong><\/h3>\n<div class=\"rank-math-answer\">\n\n<p>Po zakoupen\u00ed si m\u016f\u017eete st\u00e1hnout sv\u00e9 produkty\u00a0<strong>tolikr\u00e1t, kolikr\u00e1t chcete<\/strong>\u00a0a na libovoln\u00e9m po\u010dtu za\u0159\u00edzen\u00ed - ano, to je pravda.\u00a0<strong>neomezen\u00e9<\/strong>!<\/p>\n\n<\/div>\n<\/div>\n<div id=\"faq-question-1711112536280\" class=\"rank-math-list-item\">\n<h3 class=\"rank-math-question\"><strong>Kdy bude moje objedn\u00e1vka odesl\u00e1na?<\/strong><\/h3>\n<div class=\"rank-math-answer\">\n\n<p>Download links are provided after payment is confirmed. You will receive the download links to the files in &#8216;<strong>Moje soubory ke sta\u017een\u00ed<\/strong>'. Krom\u011b toho obdr\u017e\u00edte tak\u00e9\u00a0<strong>samostatn\u00fd e-mail s odkazy ke sta\u017een\u00ed<\/strong>\u00a0tak\u00e9.<\/p>\n\n<\/div>\n<\/div>\n<div id=\"faq-question-1711112560304\" class=\"rank-math-list-item\">\n<h3 class=\"rank-math-question\"><strong>Kde je m\u016fj digit\u00e1ln\u00ed soubor ke sta\u017een\u00ed? Od sv\u00e9ho n\u00e1kupu jsem neobdr\u017eel \u017e\u00e1dn\u00e9 e-maily.<\/strong><\/h3>\n<div class=\"rank-math-answer\">\n\n<p>Zkontrolujte si pros\u00edm\u00a0<strong>Junk\u00a0<\/strong>a\u00a0<strong>Spam<\/strong>\u00a0e-mailov\u00e9 slo\u017eky. Poskytovatel\u00e9 e-mailov\u00fdch slu\u017eeb, jako jsou Outlook, Yahoo a Gmail, ob\u010das odes\u00edlaj\u00ed e-maily do slo\u017eek nevy\u017e\u00e1dan\u00e9 po\u0161ty\/spamu m\u00edsto do slo\u017eky doru\u010den\u00e9 po\u0161ty. Ve v\u00fdjime\u010dn\u00fdch p\u0159\u00edpadech m\u016f\u017ee chv\u00edli trvat, ne\u017e se objev\u00ed (a\u017e 10 minut).<\/p>\n\n<\/div>\n<\/div>\n<div id=\"faq-question-1711112595961\" class=\"rank-math-list-item\">\n<h3 class=\"rank-math-question\"><strong>Jak\u00e1 za\u0159\u00edzen\u00ed mohu pou\u017e\u00edt k otev\u0159en\u00ed e-knih a poslechu zvuku?<\/strong><\/h3>\n<div class=\"rank-math-answer\">\n\n<p>My\u00a0<strong>doporu\u010dujeme<\/strong>\u00a0pomoc\u00ed\u00a0<strong>PC\/Mac\/Laptop<\/strong>\u00a0k prohl\u00ed\u017een\u00ed a poslechu soubor\u016f, proto\u017ee je to nejjednodu\u0161\u0161\u00ed a u\u017eivatelsky nejp\u0159\u00edv\u011btiv\u011bj\u0161\u00ed zp\u016fsob u\u010den\u00ed. Na\u0161e soubory funguj\u00ed tak\u00e9 na chytr\u00fdch telefonech, nap\u0159. iPhone, Android a tabletech, nap\u0159. iPad.<\/p>\n\n<\/div>\n<\/div>\n<div id=\"faq-question-1711112625984\" class=\"rank-math-list-item\">\n<h3 class=\"rank-math-question\"><strong>Nedost\u00e1v\u00e1m odpov\u011b\u010f z \u017eiv\u00e9ho chatu, jak v\u00e1s mohu kontaktovat?<\/strong><\/h3>\n<div class=\"rank-math-answer\">\n\n<p>Vzhledem k\u00a0<strong>r\u016fzn\u00e1 \u010dasov\u00e1 p\u00e1sma<\/strong>\u00a0nejsme v\u017edy online. M\u016f\u017eete v\u0161ak\u00a0<strong>zanechte n\u00e1m zpr\u00e1vu spolu s va\u0161\u00ed e-mailovou adresou v chatu.\u00a0<\/strong>a my se v\u00e1m ozveme\u00a0<strong>co nejd\u0159\u00edve - reagujeme velmi rychle.<\/strong>. Ve v\u011bt\u0161in\u011b p\u0159\u00edpad\u016f se v\u00e1m ozveme\u00a0<strong>do 2-3 hodin<\/strong>\u00a0a maxim\u00e1ln\u011b 8 hodin.<\/p>\n\n<\/div>\n<\/div>\n<div id=\"faq-question-1711112665432\" class=\"rank-math-list-item\">\n<h3 class=\"rank-math-question\"><strong>M\u00e1m pot\u00ed\u017ee s otev\u0159en\u00edm souboru\/zak\u00e1zky .zip, co m\u00e1m d\u011blat? Nikdy p\u0159edt\u00edm jsem se soubory\/slo\u017ekami .zip nepracoval.<\/strong><\/h3>\n<div class=\"rank-math-answer\">\n<img decoding=\"async\" width=\"150\" height=\"150\" src=\"https:\/\/www.cfaebooks.com\/wp-content\/uploads\/2024\/03\/extract-150x150.png\" class=\"alignright\" alt=\"\">\n<p>N\u011bkter\u00e9 v\u011bt\u0161\u00ed soubory, nap\u0159\u00edklad videa, jsou ulo\u017eeny ve slo\u017ek\u00e1ch .zip, co\u017e znamen\u00e1, \u017ee je t\u0159eba slo\u017eku rozbalit, abyste si mohli prohl\u00e9dnout, co se v n\u00ed nach\u00e1z\u00ed. Slo\u017eku m\u016f\u017eete rozbalit pomoc\u00ed programu Winzip (v\u00fdchoz\u00ed bezplatn\u00fd n\u00e1stroj v syst\u00e9mu Windows nebo v\u00fdchoz\u00ed n\u00e1stroj v syst\u00e9mu Mac).\u00a0<strong>Klikn\u011bte prav\u00fdm tla\u010d\u00edtkem my\u0161i na slo\u017eku<\/strong>\u00a0a klikn\u011bte na\u00a0<strong>\"Vyjmout v\u0161e<\/strong>\u00a0rozbalit slo\u017eku a nyn\u00ed byste m\u011bli vid\u011bt soubory. Doporu\u010dujeme tak\u00e9 dal\u0161\u00ed bezplatn\u00fd extraktor soubor\u016f .zip.\u00a0<strong>(<a href=\"https:\/\/www.win-rar.com\/download.html?&amp;L=0\" target=\"_blank\" rel=\"noreferrer noopener nofollow\">Winrar<\/a>)\u00a0<\/strong>m\u016f\u017eete jej z\u00edskat z tohoto odkazu, funguje stejn\u011b jako ostatn\u00ed v\u00fd\u0161e uveden\u00e9.<\/p>\n\n<\/div>\n<\/div>\n<\/div>\n<\/div>\n\n\n<p><\/p>","protected":false},"excerpt":{"rendered":"","protected":false},"author":1,"featured_media":0,"parent":0,"menu_order":0,"comment_status":"closed","ping_status":"closed","template":"template-fullwidth.php","meta":{"footnotes":""},"class_list":["post-8662","page","type-page","status-publish","hentry"],"_links":{"self":[{"href":"https:\/\/www.cfaebooks.com\/cs\/wp-json\/wp\/v2\/pages\/8662","targetHints":{"allow":["GET"]}}],"collection":[{"href":"https:\/\/www.cfaebooks.com\/cs\/wp-json\/wp\/v2\/pages"}],"about":[{"href":"https:\/\/www.cfaebooks.com\/cs\/wp-json\/wp\/v2\/types\/page"}],"author":[{"embeddable":true,"href":"https:\/\/www.cfaebooks.com\/cs\/wp-json\/wp\/v2\/users\/1"}],"replies":[{"embeddable":true,"href":"https:\/\/www.cfaebooks.com\/cs\/wp-json\/wp\/v2\/comments?post=8662"}],"version-history":[{"count":2,"href":"https:\/\/www.cfaebooks.com\/cs\/wp-json\/wp\/v2\/pages\/8662\/revisions"}],"predecessor-version":[{"id":16305,"href":"https:\/\/www.cfaebooks.com\/cs\/wp-json\/wp\/v2\/pages\/8662\/revisions\/16305"}],"wp:attachment":[{"href":"https:\/\/www.cfaebooks.com\/cs\/wp-json\/wp\/v2\/media?parent=8662"}],"curies":[{"name":"wp","href":"https:\/\/api.w.org\/{rel}","templated":true}]}}